{"id":2665,"date":"2023-08-01T16:48:51","date_gmt":"2023-08-01T19:48:51","guid":{"rendered":"https:\/\/vitrinebrasil.com.br\/cerealista\/?post_type=product&#038;p=2665"},"modified":"2023-08-01T16:52:43","modified_gmt":"2023-08-01T19:52:43","slug":"descarbonizante","status":"publish","type":"product","link":"https:\/\/vitrinebrasil.com.br\/cerealista\/produto\/descarbonizante\/","title":{"rendered":"Descarbonizante"},"content":{"rendered":"<table class=\"table-descricao\" border=\"0\" cellspacing=\"0\" cellpadding=\"0\">\n<tbody>\n<tr>\n<td class=\"index\"><strong>CAR 80 Descarbonizante 300 ml<\/strong><\/p>\n<p><strong>Descarbonizante de motores (autom\u00f3veis e motos). Alta tecnologia em uma s\u00f3 f\u00f3rmula.<br \/>\nO CAR 80 foi desenvolvido e formulado para proporcionar o m\u00e1ximo desempenho em motores a Diesel, etanol, gasolina, flex ou g\u00e1s natural veicular (GNV).<\/strong><\/p>\n<p><strong>CAR 80 limpa completamente, externa e internamente os componentes do sistema de alimenta\u00e7\u00e3o do motor, removendo \u00f3xidos e dissolvendo gomas e vernizes que, com o tempo, obstruem os canais e furos de passagem do sistema.<\/strong><\/p>\n<p><strong>CARACTER\u00cdSTICAS:<br \/>\n* Limpeza de componentes carbonizados<br \/>\n* Limpeza de bicos injetores<br \/>\n* Limpeza do sistema de admiss\u00e3o (corpo de borboleta, motor de passo, coletor de admiss\u00e3o e v\u00e1lvulas de admiss\u00e3o)<br \/>\n* Limpeza de carburador<\/strong><\/p>\n<p><strong>APLICA\u00c7\u00d5ES:<br \/>\n* Ve\u00edculos<br \/>\n* Motocicletas<br \/>\n* Industria<\/strong><\/p>\n<p><strong>PRECAU\u00c7\u00d5ES PARA MANUSEIO SEGURO:<br \/>\nProgramar uma a\u00e7\u00e3o de primeiros socorros antes de iniciar a atividade com o produto. O uso do produto \u00e9 restrito para profissionais. Aten\u00e7\u00e3o &#8211; Evitar exposi\u00e7\u00e3o &#8211; obter instru\u00e7\u00f5es especiais antes da utiliza\u00e7\u00e3o. Utilize o produto apenas em \u00e1reas onde n\u00e3o existam l\u00e2mpadas descobertas ou outras fontes de igni\u00e7\u00e3o.\u00a0<\/strong><\/p>\n<p><strong>O material pode se carregar eletrostaticamente, em caso de enchimento usar somente condutos aterrados. Recomenda-se usar vestimenta e cal\u00e7ados antiest\u00e1ticos. Use ferramentas \u00e0 prova de fa\u00edsca. Vapores de solventes s\u00e3o mais pesados que o ar e se espalham sobre o piso. Vapores formam misturas explosivas com ar. Manuseie em uma \u00e1rea ventilada ou com sistema geral de ventila\u00e7\u00e3o\/exaust\u00e3o local. Evite forma\u00e7\u00e3o de n\u00e9voas e vapores, e exposi\u00e7\u00e3o ao produto. Utilize equipamento de prote\u00e7\u00e3o individual.<\/strong><\/p>\n<p><strong>CONDI\u00c7\u00d5ES DE HIGIENE NO LOCAL DE TRABALHO:<br \/>\nLave as m\u00e3os e o rosto cuidadosamente ap\u00f3s o manuseio e antes de comer, beber, fumar ou ir ao banheiro. Roupas contaminadas devem ser trocadas e lavadas antes de sua reutiliza\u00e7\u00e3o. Remova a roupa e o equipamento de prote\u00e7\u00e3o contaminado antes de entrar nas \u00e1reas de alimenta\u00e7\u00e3o.<\/strong><\/p>\n<p><strong>Zelamos pelo cuidado, profissionalismo e m\u00e1xima aten\u00e7\u00e3o com nossos produtos. Seu produto ser\u00e1 enviado em uma embalagem refor\u00e7ada para que evite danos durante o transporte. Fazemos tudo com muita aten\u00e7\u00e3o e carinho!<\/strong><\/td>\n<\/tr>\n<\/tbody>\n<\/table>\n","protected":false},"excerpt":{"rendered":"<p>CAR 80 Descarbonizante 300 ml Descarbonizante de motores (autom\u00f3veis e motos). Alta tecnologia em uma s\u00f3 f\u00f3rmula. O CAR 80 foi desenvolvido e formulado para proporcionar o m\u00e1ximo desempenho em motores a Diesel, etanol, gasolina, flex ou g\u00e1s natural veicular (GNV). CAR 80 limpa completamente, externa e internamente os componentes do sistema de alimenta\u00e7\u00e3o do<\/p>\n<div class=\"klb-readmore entry-button\"><a class=\"btn read-more\" href=\"https:\/\/vitrinebrasil.com.br\/cerealista\/produto\/descarbonizante\/\">Read More<\/a><\/div>\n","protected":false},"featured_media":2666,"comment_status":"open","ping_status":"closed","template":"","meta":[],"product_cat":[132],"product_tag":[],"class_list":["post-2665","product","type-product","status-publish","has-post-thumbnail","hentry","product_cat-fluidos"],"_links":{"self":[{"href":"https:\/\/vitrinebrasil.com.br\/cerealista\/wp-json\/wp\/v2\/product\/2665","targetHints":{"allow":["GET"]}}],"collection":[{"href":"https:\/\/vitrinebrasil.com.br\/cerealista\/wp-json\/wp\/v2\/product"}],"about":[{"href":"https:\/\/vitrinebrasil.com.br\/cerealista\/wp-json\/wp\/v2\/types\/product"}],"replies":[{"embeddable":true,"href":"https:\/\/vitrinebrasil.com.br\/cerealista\/wp-json\/wp\/v2\/comments?post=2665"}],"wp:featuredmedia":[{"embeddable":true,"href":"https:\/\/vitrinebrasil.com.br\/cerealista\/wp-json\/wp\/v2\/media\/2666"}],"wp:attachment":[{"href":"https:\/\/vitrinebrasil.com.br\/cerealista\/wp-json\/wp\/v2\/media?parent=2665"}],"wp:term":[{"taxonomy":"product_cat","embeddable":true,"href":"https:\/\/vitrinebrasil.com.br\/cerealista\/wp-json\/wp\/v2\/product_cat?post=2665"},{"taxonomy":"product_tag","embeddable":true,"href":"https:\/\/vitrinebrasil.com.br\/cerealista\/wp-json\/wp\/v2\/product_tag?post=2665"}],"curies":[{"name":"wp","href":"https:\/\/api.w.org\/{rel}","templated":true}]}}