{"id":2672,"date":"2023-08-01T17:03:48","date_gmt":"2023-08-01T20:03:48","guid":{"rendered":"https:\/\/vitrinebrasil.com.br\/cerealista\/?post_type=product&#038;p=2672"},"modified":"2023-08-01T17:03:48","modified_gmt":"2023-08-01T20:03:48","slug":"aditivo-para-radiador-rosa","status":"publish","type":"product","link":"https:\/\/vitrinebrasil.com.br\/cerealista\/produto\/aditivo-para-radiador-rosa\/","title":{"rendered":"Aditivo Para Radiador Rosa"},"content":{"rendered":"<p><strong>GAL\u00c3O DE ADITIVO PARA RADIADOR MARCA KN COM 5 LITROS &#8211; PRONTO PRA USO<\/p>\n<p>Somos especializados em pe\u00e7as e acess\u00f3rios automotivos! Estamos no mercado com uma equipe preparada e competente para lhe atender! Todos os nossos produtos s\u00e3o vendidos com nota fiscal. Estamos a disposi\u00e7\u00e3o para quaisquer d\u00favidas!<\/p>\n<p>COR &#8211; ROSA<\/p>\n<p>Com os aditivos de radiador KN proteja seu motor contra corros\u00e3o e evite problemas graves em seu ve\u00edculo!<\/p>\n<p>A falta de aditivo em seu veiculo, pode causar os seguintes problemas:<\/p>\n<p>Aumento na press\u00e3o do sistema de arrefecimento causando estouro de mangueiras, selos e o vazamento pela bomba d&#8217;\u00e1gua, Trava da v\u00e1lvula termost\u00e1tica e se a temperatura subir muito, pode fundir o seu motor.<\/p>\n<p>Nosso Produto desenvolvido com alta tecnologia para motores \u00e0 gasolina, \u00e1lcool e GNV. Protege todo o sistema de arrefecimento contra corros\u00e3o.<\/p>\n<p>Proporciona eficiente prote\u00e7\u00e3o.<br \/>\nIdeal para a troca completa sem necessidade de adicionar \u00e1gua ao produto, est\u00e1 pronto para uso, o que facilita muito pela praticidade na troca do flu\u00eddo do radiador.<\/strong><\/p>\n","protected":false},"excerpt":{"rendered":"<p>GAL\u00c3O DE ADITIVO PARA RADIADOR MARCA KN COM 5 LITROS &#8211; PRONTO PRA USO Somos especializados em pe\u00e7as e acess\u00f3rios automotivos! Estamos no mercado com uma equipe preparada e competente para lhe atender! Todos os nossos produtos s\u00e3o vendidos com nota fiscal. Estamos a disposi\u00e7\u00e3o para quaisquer d\u00favidas! COR &#8211; ROSA Com os aditivos de<\/p>\n<div class=\"klb-readmore entry-button\"><a class=\"btn read-more\" href=\"https:\/\/vitrinebrasil.com.br\/cerealista\/produto\/aditivo-para-radiador-rosa\/\">Read More<\/a><\/div>\n","protected":false},"featured_media":2673,"comment_status":"open","ping_status":"closed","template":"","meta":[],"product_cat":[132],"product_tag":[],"class_list":["post-2672","product","type-product","status-publish","has-post-thumbnail","hentry","product_cat-fluidos"],"_links":{"self":[{"href":"https:\/\/vitrinebrasil.com.br\/cerealista\/wp-json\/wp\/v2\/product\/2672","targetHints":{"allow":["GET"]}}],"collection":[{"href":"https:\/\/vitrinebrasil.com.br\/cerealista\/wp-json\/wp\/v2\/product"}],"about":[{"href":"https:\/\/vitrinebrasil.com.br\/cerealista\/wp-json\/wp\/v2\/types\/product"}],"replies":[{"embeddable":true,"href":"https:\/\/vitrinebrasil.com.br\/cerealista\/wp-json\/wp\/v2\/comments?post=2672"}],"wp:featuredmedia":[{"embeddable":true,"href":"https:\/\/vitrinebrasil.com.br\/cerealista\/wp-json\/wp\/v2\/media\/2673"}],"wp:attachment":[{"href":"https:\/\/vitrinebrasil.com.br\/cerealista\/wp-json\/wp\/v2\/media?parent=2672"}],"wp:term":[{"taxonomy":"product_cat","embeddable":true,"href":"https:\/\/vitrinebrasil.com.br\/cerealista\/wp-json\/wp\/v2\/product_cat?post=2672"},{"taxonomy":"product_tag","embeddable":true,"href":"https:\/\/vitrinebrasil.com.br\/cerealista\/wp-json\/wp\/v2\/product_tag?post=2672"}],"curies":[{"name":"wp","href":"https:\/\/api.w.org\/{rel}","templated":true}]}}