{"id":2682,"date":"2023-08-01T17:19:01","date_gmt":"2023-08-01T20:19:01","guid":{"rendered":"https:\/\/vitrinebrasil.com.br\/cerealista\/?post_type=product&#038;p=2682"},"modified":"2023-08-01T17:19:01","modified_gmt":"2023-08-01T20:19:01","slug":"grafite-spray-lubrificante","status":"publish","type":"product","link":"https:\/\/vitrinebrasil.com.br\/cerealista\/produto\/grafite-spray-lubrificante\/","title":{"rendered":"Grafite Spray Lubrificante"},"content":{"rendered":"<table class=\"table-descricao\" border=\"0\" cellspacing=\"0\" cellpadding=\"0\">\n<tbody>\n<tr>\n<td class=\"index\"><strong>O CAR80 SPRAY GRAFITE LUBRIFICANTE SECO foi desenvolvido visando<br \/>\numa f\u00e1cil aplica\u00e7\u00e3o em partes de dif\u00edcil acesso, atua como desengripante em<br \/>\nroscas expostas, canaletas de vidro, fechaduras, correntes, correias, lubrifica\u00e7\u00e3o<br \/>\nde mecanismos em geral. Forma uma pel\u00edcula protetora.<br \/>\nN\u00e3o prejudica a camada de oz\u00f4nio e n\u00e3o cont\u00e9m CFC.<\/p>\n<p>Instru\u00e7\u00f5es de uso e manuseio<br \/>\n1. Pode ser aplicado em canaletas de vidro, antenas e trilhos;<br \/>\n2. Port\u00f5es, fechaduras e cadeados;<br \/>\n3. M\u00e1quinas, equipamentos industriais e dom\u00e9sticos;<br \/>\n4. Agite bem antes de usar, pulverize nas \u00e1reas desejadas a uma dist\u00e2ncia de aproximadamente 20 cm, para lugares de dif\u00edcil<br \/>\nacesso utilize o bico aplicador preso \u00e1 tampa da embalagem.<br \/>\n5. Desligue equipamentos energizados durante a aplica\u00e7\u00e3o.<\/p>\n<p>DADOS T\u00c9CNICOS:<br \/>\nApar\u00eancia (visual): P\u00f3 fino homog\u00eaneo grafite escuro com odor caracter\u00edstico, insol\u00favel em \u00e1gua.<br \/>\nDensidade a 25\u00b0C: 0,17 a 0,27 g\/cm\u00b3<br \/>\nPress\u00e3o interna a 50\u00b0C: 40 a 60 Psi<br \/>\nTaxa de libera\u00e7\u00e3o: 40 a 80 g\/min<\/strong><\/p>\n<p><strong>CONDI\u00c7\u00d5ES DE HIGIENE NO LOCAL DE TRABALHO:<br \/>\nLave as m\u00e3os e o rosto cuidadosamente ap\u00f3s o manuseio e antes de comer, beber, fumar ou ir ao banheiro. Roupas contaminadas devem ser trocadas e lavadas antes de sua reutiliza\u00e7\u00e3o. Remova a roupa e o equipamento de prote\u00e7\u00e3o contaminado antes de entrar nas \u00e1reas de alimenta\u00e7\u00e3o.<\/strong><\/p>\n<p><strong>Zelamos pelo cuidado, profissionalismo e m\u00e1xima aten\u00e7\u00e3o com nossos produtos. Seu produto ser\u00e1 enviado em uma embalagem refor\u00e7ada para que evite danos durante o transporte. Fazemos tudo com muita aten\u00e7\u00e3o e carinho!<\/strong><\/p>\n<p><strong>Para diferentes d\u00favidas n\u00e3o hesite em nos contatar.<\/strong><\/p>\n<p><strong>Agradecemos sua visita e aguardamos sua compra!<\/strong><\/td>\n<\/tr>\n<\/tbody>\n<\/table>\n","protected":false},"excerpt":{"rendered":"<p>O CAR80 SPRAY GRAFITE LUBRIFICANTE SECO foi desenvolvido visando uma f\u00e1cil aplica\u00e7\u00e3o em partes de dif\u00edcil acesso, atua como desengripante em roscas expostas, canaletas de vidro, fechaduras, correntes, correias, lubrifica\u00e7\u00e3o de mecanismos em geral. Forma uma pel\u00edcula protetora. N\u00e3o prejudica a camada de oz\u00f4nio e n\u00e3o cont\u00e9m CFC. Instru\u00e7\u00f5es de uso e manuseio 1. Pode<\/p>\n<div class=\"klb-readmore entry-button\"><a class=\"btn read-more\" href=\"https:\/\/vitrinebrasil.com.br\/cerealista\/produto\/grafite-spray-lubrificante\/\">Read More<\/a><\/div>\n","protected":false},"featured_media":2683,"comment_status":"open","ping_status":"closed","template":"","meta":[],"product_cat":[132],"product_tag":[],"class_list":["post-2682","product","type-product","status-publish","has-post-thumbnail","hentry","product_cat-fluidos"],"_links":{"self":[{"href":"https:\/\/vitrinebrasil.com.br\/cerealista\/wp-json\/wp\/v2\/product\/2682","targetHints":{"allow":["GET"]}}],"collection":[{"href":"https:\/\/vitrinebrasil.com.br\/cerealista\/wp-json\/wp\/v2\/product"}],"about":[{"href":"https:\/\/vitrinebrasil.com.br\/cerealista\/wp-json\/wp\/v2\/types\/product"}],"replies":[{"embeddable":true,"href":"https:\/\/vitrinebrasil.com.br\/cerealista\/wp-json\/wp\/v2\/comments?post=2682"}],"wp:featuredmedia":[{"embeddable":true,"href":"https:\/\/vitrinebrasil.com.br\/cerealista\/wp-json\/wp\/v2\/media\/2683"}],"wp:attachment":[{"href":"https:\/\/vitrinebrasil.com.br\/cerealista\/wp-json\/wp\/v2\/media?parent=2682"}],"wp:term":[{"taxonomy":"product_cat","embeddable":true,"href":"https:\/\/vitrinebrasil.com.br\/cerealista\/wp-json\/wp\/v2\/product_cat?post=2682"},{"taxonomy":"product_tag","embeddable":true,"href":"https:\/\/vitrinebrasil.com.br\/cerealista\/wp-json\/wp\/v2\/product_tag?post=2682"}],"curies":[{"name":"wp","href":"https:\/\/api.w.org\/{rel}","templated":true}]}}