{"id":2690,"date":"2023-08-01T17:24:37","date_gmt":"2023-08-01T20:24:37","guid":{"rendered":"https:\/\/vitrinebrasil.com.br\/cerealista\/?post_type=product&#038;p=2690"},"modified":"2023-08-01T17:24:37","modified_gmt":"2023-08-01T20:24:37","slug":"silicone-spray-car-80-300ml","status":"publish","type":"product","link":"https:\/\/vitrinebrasil.com.br\/cerealista\/produto\/silicone-spray-car-80-300ml\/","title":{"rendered":"Silicone Spray Car 80 300ml"},"content":{"rendered":"<table class=\"table-descricao\" border=\"0\" cellspacing=\"0\" cellpadding=\"0\">\n<tbody>\n<tr>\n<td class=\"index\"><strong>CAR 80 SILICONE SPRAY LUBRIFICANTE LAVANDA 300ML<\/p>\n<p>Possui propriedades lubrificantes e protetivas com elevad\u00edssima qualidade.<br \/>\nLubrifica com seguran\u00e7a, impermeabiliza e protege superf\u00edcies met\u00e1licas e n\u00e3o met\u00e1licas, incluindo borracha, pl\u00e1stico e vinil, melhor do que os principais concorrentes.<br \/>\nEle seca r\u00e1pido sem deixar manchas, forma um filme claro protetor que n\u00e3o se torna pegajoso, por isso n\u00e3o atrai a sujeira. Evita ader\u00eancia de colas, graxas e tintas.<\/p>\n<p>Caracter\u00edsticas:<br \/>\nRecomendado para pain\u00e9is de ve\u00edculos, canaletas de vidros, pe\u00e7as de vinil, couro, borrachas, ferramentas, ma\u00e7anetas, coifas e batentes de amortecedores, rodas e pneus, borrachas de portas e selos de teto solar, trilhos, corredi\u00e7as, cadeados, roldanas, esteiras, aparelhos de gin\u00e1stica, eletrodom\u00e9sticos, matrizes de corte, l\u00e2minas, serras e desmoldagens.<\/strong><\/p>\n<p><strong>CONDI\u00c7\u00d5ES DE HIGIENE NO LOCAL DE TRABALHO:<br \/>\nLave as m\u00e3os e o rosto cuidadosamente ap\u00f3s o manuseio e antes de comer, beber, fumar ou ir ao banheiro. Roupas contaminadas devem ser trocadas e lavadas antes de sua reutiliza\u00e7\u00e3o. Remova a roupa e o equipamento de prote\u00e7\u00e3o contaminado antes de entrar nas \u00e1reas de alimenta\u00e7\u00e3o.<\/strong><\/p>\n<p><strong>Zelamos pelo cuidado, profissionalismo e m\u00e1xima aten\u00e7\u00e3o com nossos produtos. Seu produto ser\u00e1 enviado em uma embalagem refor\u00e7ada para que evite danos durante o transporte. Fazemos tudo com muita aten\u00e7\u00e3o e carinho!<\/strong><\/p>\n<p><strong>Para diferentes d\u00favidas n\u00e3o hesite em nos contatar.<\/strong><\/p>\n<p><strong>Agradecemos sua visita e aguardamos sua compra!<\/strong><\/td>\n<\/tr>\n<\/tbody>\n<\/table>\n","protected":false},"excerpt":{"rendered":"<p>CAR 80 SILICONE SPRAY LUBRIFICANTE LAVANDA 300ML Possui propriedades lubrificantes e protetivas com elevad\u00edssima qualidade. Lubrifica com seguran\u00e7a, impermeabiliza e protege superf\u00edcies met\u00e1licas e n\u00e3o met\u00e1licas, incluindo borracha, pl\u00e1stico e vinil, melhor do que os principais concorrentes. Ele seca r\u00e1pido sem deixar manchas, forma um filme claro protetor que n\u00e3o se torna pegajoso, por isso<\/p>\n<div class=\"klb-readmore entry-button\"><a class=\"btn read-more\" href=\"https:\/\/vitrinebrasil.com.br\/cerealista\/produto\/silicone-spray-car-80-300ml\/\">Read More<\/a><\/div>\n","protected":false},"featured_media":2691,"comment_status":"open","ping_status":"closed","template":"","meta":[],"product_cat":[132],"product_tag":[],"class_list":["post-2690","product","type-product","status-publish","has-post-thumbnail","hentry","product_cat-fluidos"],"_links":{"self":[{"href":"https:\/\/vitrinebrasil.com.br\/cerealista\/wp-json\/wp\/v2\/product\/2690","targetHints":{"allow":["GET"]}}],"collection":[{"href":"https:\/\/vitrinebrasil.com.br\/cerealista\/wp-json\/wp\/v2\/product"}],"about":[{"href":"https:\/\/vitrinebrasil.com.br\/cerealista\/wp-json\/wp\/v2\/types\/product"}],"replies":[{"embeddable":true,"href":"https:\/\/vitrinebrasil.com.br\/cerealista\/wp-json\/wp\/v2\/comments?post=2690"}],"wp:featuredmedia":[{"embeddable":true,"href":"https:\/\/vitrinebrasil.com.br\/cerealista\/wp-json\/wp\/v2\/media\/2691"}],"wp:attachment":[{"href":"https:\/\/vitrinebrasil.com.br\/cerealista\/wp-json\/wp\/v2\/media?parent=2690"}],"wp:term":[{"taxonomy":"product_cat","embeddable":true,"href":"https:\/\/vitrinebrasil.com.br\/cerealista\/wp-json\/wp\/v2\/product_cat?post=2690"},{"taxonomy":"product_tag","embeddable":true,"href":"https:\/\/vitrinebrasil.com.br\/cerealista\/wp-json\/wp\/v2\/product_tag?post=2690"}],"curies":[{"name":"wp","href":"https:\/\/api.w.org\/{rel}","templated":true}]}}