{"id":2695,"date":"2023-08-01T17:27:46","date_gmt":"2023-08-01T20:27:46","guid":{"rendered":"https:\/\/vitrinebrasil.com.br\/cerealista\/?post_type=product&#038;p=2695"},"modified":"2023-08-02T17:19:13","modified_gmt":"2023-08-02T20:19:13","slug":"vaselina-spray-multiuso-car80-300ml","status":"publish","type":"product","link":"https:\/\/vitrinebrasil.com.br\/cerealista\/produto\/vaselina-spray-multiuso-car80-300ml\/","title":{"rendered":"Vaselina Spray Multiuso Car80 300ml"},"content":{"rendered":"<table class=\"table-descricao\" border=\"0\" cellspacing=\"0\" cellpadding=\"0\">\n<tbody>\n<tr>\n<td class=\"index\"><strong>Pode ser utilizada em superf\u00edcies de pl\u00e1sticos, couro, vinil, borracha. \u00c9 indicada tamb\u00e9m para ferragens, molinetes, carretilhas. Evita o desgaste e corros\u00e3o de pe\u00e7as de bicicletas, evita forma\u00e7\u00e3o de zinabre e protege contra a\u00e7\u00e3o da maresia, pode ser aplicada em autom\u00f3veis, barcos, resid\u00eancias, entre outros. Instru\u00e7\u00f5es de Uso:<br \/>\n1. Agite bem antes de usar.<br \/>\n2. Pulverize as \u00e1reas desejadas a uma dist\u00e2ncia de aproximadamente 20 cm. Caso haja necessidade utilize o bico prolongador para locais de dif\u00edcil acesso.<br \/>\n3. Desligue equipamentos energizados para fazer a aplica\u00e7\u00e3o e espere a evapora\u00e7\u00e3o do g\u00e1s para ligar o aparelho novamente. Caracter\u00edsticas: \u00c9 formulada \u00e0 base de parafinas selecionadas com \u00f3leos b\u00e1sicos paraf\u00ednicos. Possui excelente resist\u00eancia \u00e0 \u00e1gua, boa prote\u00e7\u00e3o contra a oxida\u00e7\u00e3o e um alto poder de lubrifica\u00e7\u00e3o, suportando temperaturas inferiores a 60\u00baC. DADOS T\u00c9CNICOS: Apar\u00eancia (visual): Pastosa sobre press\u00e3o branca com odor caracter\u00edstico, insol\u00favel em \u00e1gua. Densidade a 25\u00b0C: 0,81 a 0,91 g\/cm\u00b3 Press\u00e3o interna a 50\u00b0C: 50 a 70 Psi Taxa de libera\u00e7\u00e3o: 60 a 80 g\/min<\/strong><\/p>\n<p><strong>CONDI\u00c7\u00d5ES DE HIGIENE NO LOCAL DE TRABALHO:<br \/>\nLave as m\u00e3os e o rosto cuidadosamente ap\u00f3s o manuseio e antes de comer, beber, fumar ou ir ao banheiro. Roupas contaminadas devem ser trocadas e lavadas antes de sua reutiliza\u00e7\u00e3o. Remova a roupa e o equipamento de prote\u00e7\u00e3o contaminado antes de entrar nas \u00e1reas de alimenta\u00e7\u00e3o.<\/strong><\/p>\n<p><strong>Zelamos pelo cuidado, profissionalismo e m\u00e1xima aten\u00e7\u00e3o com nossos produtos. Seu produto ser\u00e1 enviado em uma embalagem refor\u00e7ada para que evite danos durante o transporte. Fazemos tudo com muita aten\u00e7\u00e3o e carinho!<\/strong><\/p>\n<p><strong>Para diferentes d\u00favidas n\u00e3o hesite em nos contatar.<\/strong><\/p>\n<p><strong>Agradecemos sua visita e aguardamos sua compra!<\/strong><\/td>\n<\/tr>\n<\/tbody>\n<\/table>\n","protected":false},"excerpt":{"rendered":"<p>Pode ser utilizada em superf\u00edcies de pl\u00e1sticos, couro, vinil, borracha. \u00c9 indicada tamb\u00e9m para ferragens, molinetes, carretilhas. Evita o desgaste e corros\u00e3o de pe\u00e7as de bicicletas, evita forma\u00e7\u00e3o de zinabre e protege contra a\u00e7\u00e3o da maresia, pode ser aplicada em autom\u00f3veis, barcos, resid\u00eancias, entre outros. Instru\u00e7\u00f5es de Uso: 1. Agite bem antes de usar. 2.<\/p>\n<div class=\"klb-readmore entry-button\"><a class=\"btn read-more\" href=\"https:\/\/vitrinebrasil.com.br\/cerealista\/produto\/vaselina-spray-multiuso-car80-300ml\/\">Read More<\/a><\/div>\n","protected":false},"featured_media":2696,"comment_status":"open","ping_status":"closed","template":"","meta":[],"product_cat":[132],"product_tag":[],"class_list":["post-2695","product","type-product","status-publish","has-post-thumbnail","hentry","product_cat-fluidos"],"_links":{"self":[{"href":"https:\/\/vitrinebrasil.com.br\/cerealista\/wp-json\/wp\/v2\/product\/2695","targetHints":{"allow":["GET"]}}],"collection":[{"href":"https:\/\/vitrinebrasil.com.br\/cerealista\/wp-json\/wp\/v2\/product"}],"about":[{"href":"https:\/\/vitrinebrasil.com.br\/cerealista\/wp-json\/wp\/v2\/types\/product"}],"replies":[{"embeddable":true,"href":"https:\/\/vitrinebrasil.com.br\/cerealista\/wp-json\/wp\/v2\/comments?post=2695"}],"wp:featuredmedia":[{"embeddable":true,"href":"https:\/\/vitrinebrasil.com.br\/cerealista\/wp-json\/wp\/v2\/media\/2696"}],"wp:attachment":[{"href":"https:\/\/vitrinebrasil.com.br\/cerealista\/wp-json\/wp\/v2\/media?parent=2695"}],"wp:term":[{"taxonomy":"product_cat","embeddable":true,"href":"https:\/\/vitrinebrasil.com.br\/cerealista\/wp-json\/wp\/v2\/product_cat?post=2695"},{"taxonomy":"product_tag","embeddable":true,"href":"https:\/\/vitrinebrasil.com.br\/cerealista\/wp-json\/wp\/v2\/product_tag?post=2695"}],"curies":[{"name":"wp","href":"https:\/\/api.w.org\/{rel}","templated":true}]}}