{"id":2720,"date":"2023-08-02T14:29:44","date_gmt":"2023-08-02T17:29:44","guid":{"rendered":"https:\/\/vitrinebrasil.com.br\/cerealista\/?post_type=product&#038;p=2720"},"modified":"2023-08-02T17:18:22","modified_gmt":"2023-08-02T20:18:22","slug":"new-holland-t8","status":"publish","type":"product","link":"https:\/\/vitrinebrasil.com.br\/cerealista\/produto\/new-holland-t8\/","title":{"rendered":"New holland t8"},"content":{"rendered":"<p>O trator New Holland T8 \u00e9 um trator de alta pot\u00eancia, projetado para atender \u00e0s necessidades agr\u00edcolas mais exigentes. Ele possui um design robusto e moderno, com linhas aerodin\u00e2micas que melhoram a efici\u00eancia e o desempenho.<\/p>\n<p>O T8 \u00e9 equipado com um motor potente e eficiente, que oferece uma alta pot\u00eancia de tra\u00e7\u00e3o. Isso permite que o trator lide facilmente com tarefas pesadas, como arar, cultivar, semear e transportar cargas pesadas.<\/p>\n<p>Al\u00e9m disso, o trator New Holland T8 possui uma cabine espa\u00e7osa e confort\u00e1vel, projetada para proporcionar uma excelente visibilidade e reduzir a fadiga do operador. Ele tamb\u00e9m vem com recursos avan\u00e7ados de controle, como a transmiss\u00e3o autom\u00e1tica, que facilita as opera\u00e7\u00f5es e otimiza a efici\u00eancia do combust\u00edvel.<\/p>\n<p>Outros recursos not\u00e1veis \u200b\u200bdo T8 incluem dire\u00e7\u00e3o hidr\u00e1ulica sens\u00edvel \u00e0 carga, suspens\u00e3o dianteira e traseira para um passeio suave em terrenos irregulares, sistema de engate de tr\u00eas pontos e tomada de for\u00e7a de alta capacidade.<\/p>\n<p>O trator New Holland T8 \u00e9 altamente vers\u00e1til e pode ser personalizado com uma gama de implementos e acess\u00f3rios para atender \u00e0s necessidades espec\u00edficas do agricultor. Ele oferece um desempenho confi\u00e1vel e eficiente, garantindo a conclus\u00e3o efetiva das tarefas agr\u00edcolas.<\/p>\n","protected":false},"excerpt":{"rendered":"<p>O trator New Holland T8 \u00e9 um trator de alta pot\u00eancia, projetado para atender \u00e0s necessidades agr\u00edcolas mais exigentes. Ele possui um design robusto e moderno, com linhas aerodin\u00e2micas que melhoram a efici\u00eancia e o desempenho. O T8 \u00e9 equipado com um motor potente e eficiente, que oferece uma alta pot\u00eancia de tra\u00e7\u00e3o. Isso permite<\/p>\n<div class=\"klb-readmore entry-button\"><a class=\"btn read-more\" href=\"https:\/\/vitrinebrasil.com.br\/cerealista\/produto\/new-holland-t8\/\">Read More<\/a><\/div>\n","protected":false},"featured_media":2721,"comment_status":"open","ping_status":"closed","template":"","meta":[],"product_cat":[137],"product_tag":[],"class_list":["post-2720","product","type-product","status-publish","has-post-thumbnail","hentry","product_cat-new-holland"],"_links":{"self":[{"href":"https:\/\/vitrinebrasil.com.br\/cerealista\/wp-json\/wp\/v2\/product\/2720","targetHints":{"allow":["GET"]}}],"collection":[{"href":"https:\/\/vitrinebrasil.com.br\/cerealista\/wp-json\/wp\/v2\/product"}],"about":[{"href":"https:\/\/vitrinebrasil.com.br\/cerealista\/wp-json\/wp\/v2\/types\/product"}],"replies":[{"embeddable":true,"href":"https:\/\/vitrinebrasil.com.br\/cerealista\/wp-json\/wp\/v2\/comments?post=2720"}],"wp:featuredmedia":[{"embeddable":true,"href":"https:\/\/vitrinebrasil.com.br\/cerealista\/wp-json\/wp\/v2\/media\/2721"}],"wp:attachment":[{"href":"https:\/\/vitrinebrasil.com.br\/cerealista\/wp-json\/wp\/v2\/media?parent=2720"}],"wp:term":[{"taxonomy":"product_cat","embeddable":true,"href":"https:\/\/vitrinebrasil.com.br\/cerealista\/wp-json\/wp\/v2\/product_cat?post=2720"},{"taxonomy":"product_tag","embeddable":true,"href":"https:\/\/vitrinebrasil.com.br\/cerealista\/wp-json\/wp\/v2\/product_tag?post=2720"}],"curies":[{"name":"wp","href":"https:\/\/api.w.org\/{rel}","templated":true}]}}