{"id":2726,"date":"2023-08-02T14:42:06","date_gmt":"2023-08-02T17:42:06","guid":{"rendered":"https:\/\/vitrinebrasil.com.br\/cerealista\/?post_type=product&#038;p=2726"},"modified":"2023-08-02T17:18:52","modified_gmt":"2023-08-02T20:18:52","slug":"bomba-hidraulica-trator-valtra","status":"publish","type":"product","link":"https:\/\/vitrinebrasil.com.br\/cerealista\/produto\/bomba-hidraulica-trator-valtra\/","title":{"rendered":"Bomba Hidr\u00e1ulica Trator Valtra"},"content":{"rendered":"<p>A Bomba Hidr\u00e1ulica Trator Valtra 836640234 Bosch fornece a pot\u00eancia que voc\u00ea precisa no sistema de dire\u00e7\u00e3o hidr\u00e1ulica do seu trator. Contando com a qualidade Bosch Rexroth, essa bomba vai proporcionar ao motorista um volante mais leve e macio, trazendo conforto e melhor precis\u00e3o nos movimentos de trabalho no campo. Os tratores que possuem sistemas mec\u00e2nicos para movimenta\u00e7\u00e3o necessitam da utiliza\u00e7\u00e3o de bomba hidr\u00e1ulica, que por sua vez, tem a fun\u00e7\u00e3o de usar a pot\u00eancia mec\u00e2nica gerada no motor a combust\u00e3o, e transformar em pot\u00eancia hidr\u00e1ulica, transmitida pelo fluido hidr\u00e1ulico at\u00e9 os atuadores, permitindo os movimentos do terceiro ponto. As bombas hidr\u00e1ulicas para trator, tamb\u00e9m podem fornecer pot\u00eancia hidr\u00e1ulica para os implementos acoplados ao trator, gerando movimentos. Existem diversos tipos e tamanhos de bomba hidr\u00e1ulica para trator, compat\u00edvel com o tamanho e pot\u00eancia do trator, disponibilizado com engrenagens, palhetas ou pist\u00f5es axiais. Essa bomba \u00e9 compat\u00edvel com alguns tratores da Valtra que possuem dire\u00e7\u00e3o hidr\u00e1ulica.A Bosch Rexroth \u00e9 uma empresa fundada em 1964, focada na fabrica\u00e7\u00e3o de v\u00e1lvulas, cilindros e unidades hidr\u00e1ulicas para maquin\u00e1rios. Est\u00e1 em constante aperfei\u00e7oamento para sempre entregar solu\u00e7\u00f5es em forma de produtos aos seus clientes. Consulte no campo \u201cAplica\u00e7\u00f5es\u201d os modelos de m\u00e1quinas agr\u00edcolas compat\u00edveis com essa pe\u00e7a e adquira j\u00e1 a sua.<\/p>\n","protected":false},"excerpt":{"rendered":"<p>A Bomba Hidr\u00e1ulica Trator Valtra 836640234 Bosch fornece a pot\u00eancia que voc\u00ea precisa no sistema de dire\u00e7\u00e3o hidr\u00e1ulica do seu trator. Contando com a qualidade Bosch Rexroth, essa bomba vai proporcionar ao motorista um volante mais leve e macio, trazendo conforto e melhor precis\u00e3o nos movimentos de trabalho no campo. Os tratores que possuem sistemas<\/p>\n<div class=\"klb-readmore entry-button\"><a class=\"btn read-more\" href=\"https:\/\/vitrinebrasil.com.br\/cerealista\/produto\/bomba-hidraulica-trator-valtra\/\">Read More<\/a><\/div>\n","protected":false},"featured_media":2727,"comment_status":"open","ping_status":"closed","template":"","meta":[],"product_cat":[138],"product_tag":[],"class_list":["post-2726","product","type-product","status-publish","has-post-thumbnail","hentry","product_cat-valtra"],"_links":{"self":[{"href":"https:\/\/vitrinebrasil.com.br\/cerealista\/wp-json\/wp\/v2\/product\/2726","targetHints":{"allow":["GET"]}}],"collection":[{"href":"https:\/\/vitrinebrasil.com.br\/cerealista\/wp-json\/wp\/v2\/product"}],"about":[{"href":"https:\/\/vitrinebrasil.com.br\/cerealista\/wp-json\/wp\/v2\/types\/product"}],"replies":[{"embeddable":true,"href":"https:\/\/vitrinebrasil.com.br\/cerealista\/wp-json\/wp\/v2\/comments?post=2726"}],"wp:featuredmedia":[{"embeddable":true,"href":"https:\/\/vitrinebrasil.com.br\/cerealista\/wp-json\/wp\/v2\/media\/2727"}],"wp:attachment":[{"href":"https:\/\/vitrinebrasil.com.br\/cerealista\/wp-json\/wp\/v2\/media?parent=2726"}],"wp:term":[{"taxonomy":"product_cat","embeddable":true,"href":"https:\/\/vitrinebrasil.com.br\/cerealista\/wp-json\/wp\/v2\/product_cat?post=2726"},{"taxonomy":"product_tag","embeddable":true,"href":"https:\/\/vitrinebrasil.com.br\/cerealista\/wp-json\/wp\/v2\/product_tag?post=2726"}],"curies":[{"name":"wp","href":"https:\/\/api.w.org\/{rel}","templated":true}]}}