{"id":2729,"date":"2023-08-02T14:52:21","date_gmt":"2023-08-02T17:52:21","guid":{"rendered":"https:\/\/vitrinebrasil.com.br\/cerealista\/?post_type=product&#038;p=2729"},"modified":"2023-08-02T17:17:32","modified_gmt":"2023-08-02T20:17:32","slug":"termometro-indicador-temperatura-trator","status":"publish","type":"product","link":"https:\/\/vitrinebrasil.com.br\/cerealista\/produto\/termometro-indicador-temperatura-trator\/","title":{"rendered":"Term\u00f4metro Indicador Temperatura Trator"},"content":{"rendered":"<p>Termometro Indicador Temperatura \u00c1gua Trator New Holland 15428905 12M \u00e9 um equipamento que opera com base na dilata\u00e7\u00e3o volum\u00e9trica de um l\u00edquido. O term\u00f4metro \u00e9 um dos indicadores fundamentais para o andamento da m\u00e1quina agr\u00edcola pois apresenta ao condutor a varia\u00e7\u00e3o de temperatura de \u00e1gua e \u00f3leo durante o funcionamento do motor.A 12M \u00e9 uma empresa do ramo de m\u00e1quinas agr\u00edcolas e autope\u00e7as, com foco em medidores de n\u00edvel e equipamentos para auxiliar o desempenho e performance da sua m\u00e1quina. Este man\u00f4metro \u00e9 compat\u00edvel com alguns modelos de tratores Valtra, consulte no campo \u201cAplica\u00e7\u00f5es\u201d se a sua m\u00e1quina \u00e9 uma das inclusas e compre j\u00e1 o seu.<\/p>\n","protected":false},"excerpt":{"rendered":"<p>Termometro Indicador Temperatura \u00c1gua Trator New Holland 15428905 12M \u00e9 um equipamento que opera com base na dilata\u00e7\u00e3o volum\u00e9trica de um l\u00edquido. O term\u00f4metro \u00e9 um dos indicadores fundamentais para o andamento da m\u00e1quina agr\u00edcola pois apresenta ao condutor a varia\u00e7\u00e3o de temperatura de \u00e1gua e \u00f3leo durante o funcionamento do motor.A 12M \u00e9 uma<\/p>\n<div class=\"klb-readmore entry-button\"><a class=\"btn read-more\" href=\"https:\/\/vitrinebrasil.com.br\/cerealista\/produto\/termometro-indicador-temperatura-trator\/\">Read More<\/a><\/div>\n","protected":false},"featured_media":2730,"comment_status":"open","ping_status":"closed","template":"","meta":[],"product_cat":[134],"product_tag":[],"class_list":["post-2729","product","type-product","status-publish","has-post-thumbnail","hentry","product_cat-cbt"],"_links":{"self":[{"href":"https:\/\/vitrinebrasil.com.br\/cerealista\/wp-json\/wp\/v2\/product\/2729","targetHints":{"allow":["GET"]}}],"collection":[{"href":"https:\/\/vitrinebrasil.com.br\/cerealista\/wp-json\/wp\/v2\/product"}],"about":[{"href":"https:\/\/vitrinebrasil.com.br\/cerealista\/wp-json\/wp\/v2\/types\/product"}],"replies":[{"embeddable":true,"href":"https:\/\/vitrinebrasil.com.br\/cerealista\/wp-json\/wp\/v2\/comments?post=2729"}],"wp:featuredmedia":[{"embeddable":true,"href":"https:\/\/vitrinebrasil.com.br\/cerealista\/wp-json\/wp\/v2\/media\/2730"}],"wp:attachment":[{"href":"https:\/\/vitrinebrasil.com.br\/cerealista\/wp-json\/wp\/v2\/media?parent=2729"}],"wp:term":[{"taxonomy":"product_cat","embeddable":true,"href":"https:\/\/vitrinebrasil.com.br\/cerealista\/wp-json\/wp\/v2\/product_cat?post=2729"},{"taxonomy":"product_tag","embeddable":true,"href":"https:\/\/vitrinebrasil.com.br\/cerealista\/wp-json\/wp\/v2\/product_tag?post=2729"}],"curies":[{"name":"wp","href":"https:\/\/api.w.org\/{rel}","templated":true}]}}