{"id":2732,"date":"2023-08-02T14:55:36","date_gmt":"2023-08-02T17:55:36","guid":{"rendered":"https:\/\/vitrinebrasil.com.br\/cerealista\/?post_type=product&#038;p=2732"},"modified":"2023-08-02T17:16:46","modified_gmt":"2023-08-02T20:16:46","slug":"filtro-oleo-do-hidro-colheitadeira","status":"publish","type":"product","link":"https:\/\/vitrinebrasil.com.br\/cerealista\/produto\/filtro-oleo-do-hidro-colheitadeira\/","title":{"rendered":"Filtro \u00d3leo do Hidro Colheitadeira"},"content":{"rendered":"<p>Filtro \u00d3leo do Hidro Colheitadeira JD Ref AT129775 a fun\u00e7\u00e3o dessa pe\u00e7a \u00e9 eliminar impurezas, res\u00edduos ou part\u00edculas s\u00f3lidas de um fluido no momento em que ele passa pelo interior da m\u00e1quina, o que chamamos de filtra\u00e7\u00e3o. Na pr\u00e1tica, o filtro de \u00f3leo tem a capacidade de bloquear a circula\u00e7\u00e3o de qualquer tipo de impurezas que possam afetar o funcionamento do motor. A utiliza\u00e7\u00e3o da pe\u00e7a agr\u00edcola correta tamb\u00e9m faz com que sejam evitados gastos com manuten\u00e7\u00f5es, possibilitando uma economia maior, afinal, os retentores custam menos que os reparos. Por conta disso, \u00e9 importante manter sempre os equipamentos em um bom estado e substitu\u00ed-los a partir do momento que n\u00e3o conseguem mais realizar suas fun\u00e7\u00f5es de forma eficiente. Isso pode ser percebido, geralmente, atrav\u00e9s de ru\u00eddos e maiores vibra\u00e7\u00f5es.<\/p>\n","protected":false},"excerpt":{"rendered":"<p>Filtro \u00d3leo do Hidro Colheitadeira JD Ref AT129775 a fun\u00e7\u00e3o dessa pe\u00e7a \u00e9 eliminar impurezas, res\u00edduos ou part\u00edculas s\u00f3lidas de um fluido no momento em que ele passa pelo interior da m\u00e1quina, o que chamamos de filtra\u00e7\u00e3o. Na pr\u00e1tica, o filtro de \u00f3leo tem a capacidade de bloquear a circula\u00e7\u00e3o de qualquer tipo de impurezas<\/p>\n<div class=\"klb-readmore entry-button\"><a class=\"btn read-more\" href=\"https:\/\/vitrinebrasil.com.br\/cerealista\/produto\/filtro-oleo-do-hidro-colheitadeira\/\">Read More<\/a><\/div>\n","protected":false},"featured_media":2733,"comment_status":"open","ping_status":"closed","template":"","meta":[],"product_cat":[132],"product_tag":[],"class_list":["post-2732","product","type-product","status-publish","has-post-thumbnail","hentry","product_cat-fluidos"],"_links":{"self":[{"href":"https:\/\/vitrinebrasil.com.br\/cerealista\/wp-json\/wp\/v2\/product\/2732","targetHints":{"allow":["GET"]}}],"collection":[{"href":"https:\/\/vitrinebrasil.com.br\/cerealista\/wp-json\/wp\/v2\/product"}],"about":[{"href":"https:\/\/vitrinebrasil.com.br\/cerealista\/wp-json\/wp\/v2\/types\/product"}],"replies":[{"embeddable":true,"href":"https:\/\/vitrinebrasil.com.br\/cerealista\/wp-json\/wp\/v2\/comments?post=2732"}],"wp:featuredmedia":[{"embeddable":true,"href":"https:\/\/vitrinebrasil.com.br\/cerealista\/wp-json\/wp\/v2\/media\/2733"}],"wp:attachment":[{"href":"https:\/\/vitrinebrasil.com.br\/cerealista\/wp-json\/wp\/v2\/media?parent=2732"}],"wp:term":[{"taxonomy":"product_cat","embeddable":true,"href":"https:\/\/vitrinebrasil.com.br\/cerealista\/wp-json\/wp\/v2\/product_cat?post=2732"},{"taxonomy":"product_tag","embeddable":true,"href":"https:\/\/vitrinebrasil.com.br\/cerealista\/wp-json\/wp\/v2\/product_tag?post=2732"}],"curies":[{"name":"wp","href":"https:\/\/api.w.org\/{rel}","templated":true}]}}