{"id":2735,"date":"2023-08-02T15:05:46","date_gmt":"2023-08-02T18:05:46","guid":{"rendered":"https:\/\/vitrinebrasil.com.br\/cerealista\/?post_type=product&#038;p=2735"},"modified":"2023-08-02T15:08:30","modified_gmt":"2023-08-02T18:08:30","slug":"pre-filtro-ar-trator-massey","status":"publish","type":"product","link":"https:\/\/vitrinebrasil.com.br\/cerealista\/produto\/pre-filtro-ar-trator-massey\/","title":{"rendered":"Pr\u00e9 Filtro Ar Trator Massey"},"content":{"rendered":"<p>O Pr\u00e9 Filtro Ar para Trator Massey 3145812 Filtrack \u00e9 o componente de suma import\u00e2ncia para o funcionamento do motor do seu trator. Essa pe\u00e7a \u00e9 respons\u00e1vel em evitar que o combust\u00edvel leve impurezas para o sistema de inje\u00e7\u00e3o e tamb\u00e9m elimina toda a \u00e1gua que pode estar contida. Fica localizado entre o tanque e o motor. A troca dos filtros \u00e9 indicada a cada 10 mil km rodados, por\u00e9m, \u00e9 importante lembrar que a limpeza do tanque tem influ\u00eancia na vida \u00fatil do filtro. Se notar ind\u00edcios como: dificuldade no arranque, marcha lenta ou irregular e outros sinais, realize a manuten\u00e7\u00e3o e a substitui\u00e7\u00e3o dos filtros.Efetue revis\u00f5es regularmente na sua m\u00e1quina e proporcione a ela o melhor desempenho poss\u00edvel durante a atividade em campo. Desta forma, voc\u00ea evita grandes danos por m\u00e1 utiliza\u00e7\u00e3o dos componentes, garantindo assim uma vida \u00fatil muito mais eficaz ao seu amigo do campo. Consulte no campo Aplica\u00e7\u00f5es se a pe\u00e7a \u00e9 compat\u00edvel com a sua m\u00e1quina e adquira j\u00e1 o seu.<\/p>\n","protected":false},"excerpt":{"rendered":"<p>O Pr\u00e9 Filtro Ar para Trator Massey 3145812 Filtrack \u00e9 o componente de suma import\u00e2ncia para o funcionamento do motor do seu trator. Essa pe\u00e7a \u00e9 respons\u00e1vel em evitar que o combust\u00edvel leve impurezas para o sistema de inje\u00e7\u00e3o e tamb\u00e9m elimina toda a \u00e1gua que pode estar contida. Fica localizado entre o tanque e<\/p>\n<div class=\"klb-readmore entry-button\"><a class=\"btn read-more\" href=\"https:\/\/vitrinebrasil.com.br\/cerealista\/produto\/pre-filtro-ar-trator-massey\/\">Read More<\/a><\/div>\n","protected":false},"featured_media":2736,"comment_status":"open","ping_status":"closed","template":"","meta":[],"product_cat":[136],"product_tag":[],"class_list":["post-2735","product","type-product","status-publish","has-post-thumbnail","hentry","product_cat-massey-ferguson"],"_links":{"self":[{"href":"https:\/\/vitrinebrasil.com.br\/cerealista\/wp-json\/wp\/v2\/product\/2735","targetHints":{"allow":["GET"]}}],"collection":[{"href":"https:\/\/vitrinebrasil.com.br\/cerealista\/wp-json\/wp\/v2\/product"}],"about":[{"href":"https:\/\/vitrinebrasil.com.br\/cerealista\/wp-json\/wp\/v2\/types\/product"}],"replies":[{"embeddable":true,"href":"https:\/\/vitrinebrasil.com.br\/cerealista\/wp-json\/wp\/v2\/comments?post=2735"}],"wp:featuredmedia":[{"embeddable":true,"href":"https:\/\/vitrinebrasil.com.br\/cerealista\/wp-json\/wp\/v2\/media\/2736"}],"wp:attachment":[{"href":"https:\/\/vitrinebrasil.com.br\/cerealista\/wp-json\/wp\/v2\/media?parent=2735"}],"wp:term":[{"taxonomy":"product_cat","embeddable":true,"href":"https:\/\/vitrinebrasil.com.br\/cerealista\/wp-json\/wp\/v2\/product_cat?post=2735"},{"taxonomy":"product_tag","embeddable":true,"href":"https:\/\/vitrinebrasil.com.br\/cerealista\/wp-json\/wp\/v2\/product_tag?post=2735"}],"curies":[{"name":"wp","href":"https:\/\/api.w.org\/{rel}","templated":true}]}}