{"id":2738,"date":"2023-08-02T15:19:25","date_gmt":"2023-08-02T18:19:25","guid":{"rendered":"https:\/\/vitrinebrasil.com.br\/cerealista\/?post_type=product&#038;p=2738"},"modified":"2023-08-02T17:19:33","modified_gmt":"2023-08-02T20:19:33","slug":"elemento-filtrante-colheitadeira-new-holland","status":"publish","type":"product","link":"https:\/\/vitrinebrasil.com.br\/cerealista\/produto\/elemento-filtrante-colheitadeira-new-holland\/","title":{"rendered":"Elemento Filtrante Colheitadeira New Holland"},"content":{"rendered":"<p>Elemento Filtrante Colheitadeira New Holland 84120624 CNH \u00e9 fundamental para garantir que a estrutura do motor da sua m\u00e1quina e que os as pe\u00e7as que o comp\u00f5e n\u00e3o sejam danificadas por impurezas ou qualquer subst\u00e2ncia nociva. Sua fun\u00e7\u00e3o \u00e9 manter o motor protegido, aumentando assim sua vida \u00fatil e o bom funcionamento do trator. A utiliza\u00e7\u00e3o da pe\u00e7a agr\u00edcola correta tamb\u00e9m faz com que sejam evitados gastos com manuten\u00e7\u00f5es, possibilitando uma economia maior, afinal, os retentores custam menos que os reparos. Por conta disso, \u00e9 importante manter sempre os equipamentos em um bom estado e substitu\u00ed-los a partir do momento que n\u00e3o conseguem mais realizar suas fun\u00e7\u00f5es de forma eficiente. Isso pode ser percebido, geralmente, atrav\u00e9s de ru\u00eddos e maiores vibra\u00e7\u00f5es.<\/p>\n","protected":false},"excerpt":{"rendered":"<p>Elemento Filtrante Colheitadeira New Holland 84120624 CNH \u00e9 fundamental para garantir que a estrutura do motor da sua m\u00e1quina e que os as pe\u00e7as que o comp\u00f5e n\u00e3o sejam danificadas por impurezas ou qualquer subst\u00e2ncia nociva. Sua fun\u00e7\u00e3o \u00e9 manter o motor protegido, aumentando assim sua vida \u00fatil e o bom funcionamento do trator. A<\/p>\n<div class=\"klb-readmore entry-button\"><a class=\"btn read-more\" href=\"https:\/\/vitrinebrasil.com.br\/cerealista\/produto\/elemento-filtrante-colheitadeira-new-holland\/\">Read More<\/a><\/div>\n","protected":false},"featured_media":2739,"comment_status":"open","ping_status":"closed","template":"","meta":[],"product_cat":[137],"product_tag":[],"class_list":["post-2738","product","type-product","status-publish","has-post-thumbnail","hentry","product_cat-new-holland"],"_links":{"self":[{"href":"https:\/\/vitrinebrasil.com.br\/cerealista\/wp-json\/wp\/v2\/product\/2738","targetHints":{"allow":["GET"]}}],"collection":[{"href":"https:\/\/vitrinebrasil.com.br\/cerealista\/wp-json\/wp\/v2\/product"}],"about":[{"href":"https:\/\/vitrinebrasil.com.br\/cerealista\/wp-json\/wp\/v2\/types\/product"}],"replies":[{"embeddable":true,"href":"https:\/\/vitrinebrasil.com.br\/cerealista\/wp-json\/wp\/v2\/comments?post=2738"}],"wp:featuredmedia":[{"embeddable":true,"href":"https:\/\/vitrinebrasil.com.br\/cerealista\/wp-json\/wp\/v2\/media\/2739"}],"wp:attachment":[{"href":"https:\/\/vitrinebrasil.com.br\/cerealista\/wp-json\/wp\/v2\/media?parent=2738"}],"wp:term":[{"taxonomy":"product_cat","embeddable":true,"href":"https:\/\/vitrinebrasil.com.br\/cerealista\/wp-json\/wp\/v2\/product_cat?post=2738"},{"taxonomy":"product_tag","embeddable":true,"href":"https:\/\/vitrinebrasil.com.br\/cerealista\/wp-json\/wp\/v2\/product_tag?post=2738"}],"curies":[{"name":"wp","href":"https:\/\/api.w.org\/{rel}","templated":true}]}}