{"id":2747,"date":"2023-08-02T15:46:59","date_gmt":"2023-08-02T18:46:59","guid":{"rendered":"https:\/\/vitrinebrasil.com.br\/cerealista\/?post_type=product&#038;p=2747"},"modified":"2023-09-27T00:36:27","modified_gmt":"2023-09-27T03:36:27","slug":"registro-completo-pulverizador-jacto","status":"publish","type":"product","link":"https:\/\/vitrinebrasil.com.br\/cerealista\/produto\/registro-completo-pulverizador-jacto\/","title":{"rendered":"Registro Completo Pulverizador Jacto"},"content":{"rendered":"<p>O Registro Completo Pulverizador Jacto 1217605 Jacto auxiliar\u00e1 na opera\u00e7\u00e3o da sua m\u00e1quina com a fun\u00e7\u00e3o de aliviar a press\u00e3o do sistema que est\u00e1 inserida. Os pulverizadores agr\u00edcolas s\u00e3o essenciais no trabalho em campo, pois permitem que defensivos e fertilizantes sejam aplicados em grandes lavouras com maior agilidade e efici\u00eancia. Trata-se de opera\u00e7\u00f5es indispens\u00e1veis para alcan\u00e7ar uma boa produtividade e garantir a safra.<\/p>\n<p>Tratando-se de um pulverizador para trator, j\u00e1 excluiremos os manuais e costais, que s\u00e3o usados para opera\u00e7\u00f5es em pequenas lavouras, jardins, pastos e fruticultura, por exemplo, em raz\u00e3o de sua baixa capacidade. \u00c9 de extrema import\u00e2ncia observar os sinais emitidos que o seu ve\u00edculo, em caso de d\u00favidas, consulte um mec\u00e2nico para que sejam feitas as devidas manuten\u00e7\u00f5es, mantendo assim o bom funcionamento da sua m\u00e1quina.<\/p>\n<p>Efetue revis\u00f5es regularmente na sua m\u00e1quina e proporcione a ela o melhor desempenho poss\u00edvel durante a atividade em campo. Desta forma, voc\u00ea evita grandes danos por m\u00e1 utiliza\u00e7\u00e3o dos componentes, garantindo assim uma vida \u00fatil muito mais eficaz ao seu amigo do campo.<\/p>\n<p>A M\u00e1quinas Agr\u00edcolas Jacto \u00e9 uma empresa familiar brasileira com presen\u00e7a global que produz equipamentos e solu\u00e7\u00f5es para agricultura de precis\u00e3o nos segmentos de pulveriza\u00e7\u00e3o e aduba\u00e7\u00e3o, al\u00e9m de colhedoras para caf\u00e9. Seus produtos est\u00e3o presentes em mais de 100 pa\u00edses. Agora, com 70 anos de exist\u00eancia, suas ra\u00edzes e valores nos mant\u00e9m firmes e possibilitam olhar para o presente e o futuro em busca de novas oportunidades, com o mesmo entusiasmo, a mesma paix\u00e3o pelas pessoas e pela excel\u00eancia que eram os princ\u00edpios de nosso fundador.<\/p>\n","protected":false},"excerpt":{"rendered":"<p>O Registro Completo Pulverizador Jacto 1217605 Jacto auxiliar\u00e1 na opera\u00e7\u00e3o da sua m\u00e1quina com a fun\u00e7\u00e3o de aliviar a press\u00e3o do sistema que est\u00e1 inserida.<\/p>\n","protected":false},"featured_media":2748,"comment_status":"open","ping_status":"closed","template":"","meta":[],"product_cat":[132],"product_tag":[],"class_list":["post-2747","product","type-product","status-publish","has-post-thumbnail","hentry","product_cat-fluidos"],"_links":{"self":[{"href":"https:\/\/vitrinebrasil.com.br\/cerealista\/wp-json\/wp\/v2\/product\/2747","targetHints":{"allow":["GET"]}}],"collection":[{"href":"https:\/\/vitrinebrasil.com.br\/cerealista\/wp-json\/wp\/v2\/product"}],"about":[{"href":"https:\/\/vitrinebrasil.com.br\/cerealista\/wp-json\/wp\/v2\/types\/product"}],"replies":[{"embeddable":true,"href":"https:\/\/vitrinebrasil.com.br\/cerealista\/wp-json\/wp\/v2\/comments?post=2747"}],"wp:featuredmedia":[{"embeddable":true,"href":"https:\/\/vitrinebrasil.com.br\/cerealista\/wp-json\/wp\/v2\/media\/2748"}],"wp:attachment":[{"href":"https:\/\/vitrinebrasil.com.br\/cerealista\/wp-json\/wp\/v2\/media?parent=2747"}],"wp:term":[{"taxonomy":"product_cat","embeddable":true,"href":"https:\/\/vitrinebrasil.com.br\/cerealista\/wp-json\/wp\/v2\/product_cat?post=2747"},{"taxonomy":"product_tag","embeddable":true,"href":"https:\/\/vitrinebrasil.com.br\/cerealista\/wp-json\/wp\/v2\/product_tag?post=2747"}],"curies":[{"name":"wp","href":"https:\/\/api.w.org\/{rel}","templated":true}]}}